{"id":404,"date":"2022-10-15T13:42:00","date_gmt":"2022-10-15T11:42:00","guid":{"rendered":"https:\/\/focusonimpact.frdc.sk\/adatvedelmi-iranyelvek\/"},"modified":"2023-08-01T14:36:37","modified_gmt":"2023-08-01T12:36:37","slug":"adatvedelmi-iranyelvek","status":"publish","type":"page","link":"https:\/\/focusonimpact.frdc.sk\/sk\/adatvedelmi-iranyelvek\/","title":{"rendered":"Ochrana osobn\u00fdch \u00fadajov"},"content":{"rendered":"\n<h3 class=\"wp-block-heading\">\n          <strong>Spr\u00e1vca \u00fadajov<\/strong>\n        <\/h3>\n\n<p>FORUM REGIONAL DEVELOPMENT CENTRE | FORUM CENTRUM PRE REGION\u00c1LNY ROZVOJ | FORUM REGIONAL DEVELOPMENT CENTRE<br\/>Parkov\u00e1 49\/4<br\/>931 01 \u0160amor\u00edn<br\/>I\u010cO: 31800 653<br\/>Registrovan\u00e9: 1999. 10. 8. Ministerstvom vn\u00fatra Slovenskej republiky<br\/>Registra\u010dn\u00e9 \u010d\u00edslo: VVS\/1-900\/90-15-626-3<\/p>\n\n<p>Kontaktn\u00e9 \u00fadaje prev\u00e1dzkovate\u013ea: +421-908-400 441, frdc@frdc.sk<\/p>\n\n<h3 class=\"wp-block-heading\">\n          <strong>Ak\u00e9 osobn\u00e9 \u00fadaje zhroma\u017e\u010fujeme a na ak\u00e9 \u00fa\u010dely ich zhroma\u017e\u010fujeme<\/strong>\n        <\/h3>\n\n<p>\u00dadaje poskytnut\u00e9 dotknutou osobou zhroma\u017e\u010fujeme len na konkr\u00e9tne, v\u00fdslovne uveden\u00e9 a legit\u00edmne \u00fa\u010dely, ktor\u00e9 s\u00fa nevyhnutne potrebn\u00e9 na \u00fa\u010dely, na ktor\u00e9 sa \u00fadaje sprac\u00favaj\u00fa. Napr\u00edklad meno, e-mailov\u00e1 adresa, povolanie, vek (ak je dotknutou osobou die\u0165a) v z\u00e1vislosti od \u00fa\u010delu spracovania. \u00dadaje na \u00fa\u010dely kontaktovania a \u0161tatistick\u00e9ho spracovania zhroma\u017e\u010fujeme len so s\u00fahlasom dotknutej osoby a na z\u00e1klade pr\u00e1vneho z\u00e1kladu ochrany \u00fadajov. Spracovanie \u00fadajov sa vykon\u00e1va v s\u00falade so v\u0161eobecn\u00fdm nariaden\u00edm Eur\u00f3pskeho parlamentu a Rady 2016\/679 o ochrane osobn\u00fdch \u00fadajov (GDPR) a z\u00e1konom \u010d. 18\/2018 Z. z. o ochrane osobn\u00fdch \u00fadajov.<\/p>\n\n<h3 class=\"wp-block-heading\">\n          <strong>Oper\u00e1cie spracovania \u00fadajov<\/strong>\n        <\/h3>\n\n<p>S poskytnut\u00fdmi osobn\u00fdmi \u00fadajmi vykon\u00e1vame tieto oper\u00e1cie: zhroma\u017e\u010fovanie, zaznamen\u00e1vanie, organizovanie, \u0161trukt\u00farovanie, ukladanie, nahliadanie, pou\u017e\u00edvanie na \u0161tatistick\u00e9 \u00fa\u010dely, pr\u00edpadne prenos.<\/p>\n\n<h3 class=\"wp-block-heading\">\n          <strong>Koment\u00e1re<\/strong>\n        <\/h3>\n\n<p>Pri odosielan\u00ed koment\u00e1ra sa okrem inform\u00e1ci\u00ed uveden\u00fdch vo formul\u00e1ri koment\u00e1ra zhroma\u017e\u010fuje aj IP adresa koment\u00e1tora a identifika\u010dn\u00fd re\u0165azec prehliada\u010da, aby sa odfiltroval nevy\u017eiadan\u00fd obsah.<\/p>\n\n<p>Pri pou\u017eit\u00ed na str\u00e1nke sa slu\u017ebe Gravatar odo\u0161le neosobn\u00fd re\u0165azec (zvy\u010dajne sa naz\u00fdva hash) vytvoren\u00fd z va\u0161ej e-mailovej adresy. Podmienky slu\u017eby Gravatar n\u00e1jdete na adrese https:\/\/automattic.com\/privacy\/. Po prijat\u00ed pr\u00edspevku sa obsah v\u00e1\u0161ho pr\u00edspevku a v\u00e1\u0161 profilov\u00fd obr\u00e1zok zobraz\u00ed verejne.<\/p>\n\n<h3 class=\"wp-block-heading\">\n          <strong>M\u00e9di\u00e1<\/strong>\n        <\/h3>\n\n<p>Ak obr\u00e1zok na webov\u00fa lokalitu nahral registrovan\u00fd pou\u017e\u00edvate\u013e, EXIF, ktor\u00e9 obsahuj\u00fa \u00fadaje o polohe GPS, by sa nemali pou\u017e\u00edva\u0165. N\u00e1v\u0161tevn\u00edci webovej str\u00e1nky si ich m\u00f4\u017eu stiahnu\u0165 a z\u00edska\u0165 \u00fadaje o polohe z obr\u00e1zkov na webovej str\u00e1nke.<\/p>\n\n<h3 class=\"wp-block-heading\">\n          <strong>Cookies<\/strong>\n        <\/h3>\n\n<p>Pri odosielan\u00ed koment\u00e1ra m\u00f4\u017ee koment\u00e1tor zosta\u0165 prihl\u00e1sen\u00fd v\u010faka ulo\u017eeniu mena, e-mailu a webovej adresy do s\u00faboru cookie. Ukladanie je pohodln\u00e9, aby ste pri \u010fal\u0161om odosielan\u00ed pr\u00edspevku nemuseli tieto d\u00e1tov\u00e9 polia vyp\u013a\u0148a\u0165 znova. Platnos\u0165 t\u00fdchto s\u00faborov cookie je 1 rok, ich prijat\u00edm s\u00fahlas\u00edte s uchov\u00e1van\u00edm uveden\u00fdch \u00fadajov (meno, e-mail, webov\u00e1 adresa) po\u010das 1 roka.<\/p>\n\n<p>Ke\u010f nav\u0161t\u00edvite prihlasovaciu str\u00e1nku, nastav\u00edme do\u010dasn\u00e9 s\u00fabory cookie, aby sme zistili, \u010di v\u00e1\u0161 prehliada\u010d prij\u00edma s\u00fabory cookie. Tieto s\u00fabory cookie neobsahuj\u00fa \u017eiadne osobn\u00e9 \u00fadaje a vyma\u017e\u00fa sa hne\u010f po zatvoren\u00ed prehliada\u010da.<\/p>\n\n<p>Ke\u010f sa prihl\u00e1site na webov\u00fa lokalitu, vytvor\u00edme nieko\u013eko s\u00faborov cookie, ktor\u00e9 ukladaj\u00fa va\u0161e prihlasovacie \u00fadaje a mo\u017enosti zobrazenia rozhrania editora. S\u00fabory cookie na prihl\u00e1senie s\u00fa platn\u00e9 dva dni a s\u00fabory cookie ukladaj\u00face mo\u017enosti zobrazenia rozhrania editora s\u00fa platn\u00e9 jeden rok. Ak je za\u010diarknut\u00e1 mo\u017enos\u0165 &#8222;Zapam\u00e4ta\u0165 si ma&#8220;, prihlasovanie bude pokra\u010dova\u0165 dva t\u00fd\u017edne. Ke\u010f sa odhl\u00e1site, prihlasovacie s\u00fabory cookie sa odstr\u00e1nia. Prijat\u00edm t\u00fdchto s\u00faborov cookie s\u00fahlas\u00edte s uchov\u00e1van\u00edm va\u0161ich prihlasovac\u00edch \u00fadajov po\u010das 2 dn\u00ed a 2 t\u00fd\u017ed\u0148ov po za\u0161krtnut\u00ed mo\u017enosti &#8222;Zapam\u00e4ta\u0165 si ma&#8220;.<\/p>\n\n<p>Ke\u010f upravujeme pr\u00edspevok alebo str\u00e1nku, n\u00e1\u0161 prehliada\u010d ulo\u017e\u00ed \u010fal\u0161\u00ed s\u00fabor cookie. Tento s\u00fabor cookie neobsahuje \u017eiadne osobn\u00e9 \u00fadaje, iba uklad\u00e1 identifika\u010dn\u00e9 \u010d\u00edslo pr\u00edspevku, ktor\u00fd sme upravili. Jeho platnos\u0165 vypr\u0161\u00ed za jeden de\u0148.<\/p>\n\n<h3 class=\"wp-block-heading\">\n          <strong>Vlo\u017een\u00fd obsah z in\u00fdch webov\u00fdch lokal\u00edt<\/strong>\n        <\/h3>\n\n<p>Pr\u00edspevky na webovej str\u00e1nke m\u00f4\u017eu vyu\u017e\u00edva\u0165 vlo\u017een\u00fd obsah (napr. vide\u00e1, obr\u00e1zky, \u010dl\u00e1nky at\u010f.) z extern\u00fdch zdrojov. Vlo\u017een\u00fd obsah z extern\u00fdch zdrojov sa spr\u00e1va presne tak, ako keby ste nav\u0161t\u00edvili in\u00fa webov\u00fa lokalitu.<\/p>\n\n<p>Tieto str\u00e1nky m\u00f4\u017eu zhroma\u017e\u010fova\u0165 \u00fadaje o n\u00e1v\u0161tevn\u00edkoch, pou\u017e\u00edva\u0165 s\u00fabory cookie alebo sledovac\u00ed k\u00f3d tretej strany, monitorova\u0165 spr\u00e1vanie pou\u017e\u00edvate\u013eov v s\u00favislosti s vlo\u017een\u00fdm obsahom, ak m\u00e1me \u00fa\u010det a sme prihl\u00e1sen\u00ed na str\u00e1nke.<\/p>\n\n<p>Na na\u0161om webe host\u00edme aj obsah vlo\u017een\u00fd do slu\u017eieb Youtube, Facebook a Google. Tieto str\u00e1nky m\u00f4\u017eu vykon\u00e1va\u0165 vlastn\u00fd zber \u00fadajov na z\u00e1klade svojich vlastn\u00fdch z\u00e1sad.<\/p>\n\n<h3 class=\"wp-block-heading\">\n          <strong>Analytika<\/strong>\n        <\/h3>\n\n<p>Na meranie n\u00e1v\u0161tevn\u00edkov nepou\u017e\u00edvame extern\u00e9 analytick\u00e9 n\u00e1stroje.<\/p>\n\n<h3 class=\"wp-block-heading\">\n          <strong>S k\u00fdm zdie\u013eame \u00fadaje pou\u017e\u00edvate\u013eov<\/strong>\n        <\/h3>\n\n<p>Pr\u00edstup k \u00fadajom maj\u00fa len tie osoby, ktor\u00e9 ich nevyhnutne potrebuj\u00fa pozna\u0165 &#8211; zamestnanci prev\u00e1dzkovate\u013ea. V\u00fdnimkou s\u00fa projekty pre extern\u00fdch klientov alebo projekty podporovan\u00e9 tret\u00edmi stranami. V t\u00fdchto pr\u00edpadoch budeme musie\u0165 zvy\u010dajne poskytn\u00fa\u0165 \u00fadaje tretej strane ako s\u00fa\u010das\u0165 dokument\u00e1cie slu\u017eby. Na to sa upozorn\u00ed pri zbere \u00fadajov.<\/p>\n\n<p>Fotografie z akcie m\u00f4\u017eete zdie\u013ea\u0165 na soci\u00e1lnych sie\u0165ach.<\/p>\n\n<h3 class=\"wp-block-heading\">\n          <strong>Ako dlho uchov\u00e1vame va\u0161e osobn\u00e9 \u00fadaje<\/strong>\n        <\/h3>\n\n<p>Ak zverejn\u00edme koment\u00e1r, koment\u00e1r a jeho metad\u00e1ta zostan\u00fa v syst\u00e9me, k\u00fdm sa osoba nezaregistruje. T\u00fdm sa zabezpe\u010d\u00ed, \u017ee v\u0161etky nasleduj\u00face pr\u00edspevky bud\u00fa potvrden\u00e9 a schv\u00e1len\u00e9, t. j. \u017ee nebud\u00fa pridan\u00e9 do zoznamu pr\u00edspevkov, ktor\u00e9 sa maj\u00fa moderova\u0165.<\/p>\n\n<p>Osobn\u00e9 \u00fadaje pou\u017e\u00edvate\u013eov zaregistrovan\u00fdch na webovej lokalite (ak existuj\u00fa) bud\u00fa tie\u017e ulo\u017een\u00e9 v ich pou\u017e\u00edvate\u013eskom profile. V\u0161etci pou\u017e\u00edvatelia m\u00f4\u017eu kedyko\u013evek zobrazi\u0165, upravi\u0165 alebo vymaza\u0165 svoje osobn\u00e9 \u00fadaje (okrem toho, \u017ee si nem\u00f4\u017eu zmeni\u0165 vlastn\u00e9 pou\u017e\u00edvate\u013esk\u00e9 meno). Pri registr\u00e1cii dotknut\u00e1 osoba\/registrovan\u00fd pou\u017e\u00edvate\u013e s\u00fahlas\u00ed s t\u00fdm, aby administr\u00e1tori webovej str\u00e1nky (zamestnanci prev\u00e1dzkovate\u013ea \u00fadajov) tieto inform\u00e1cie tie\u017e prezerali a upravovali.<\/p>\n\n<p>\u00dadaje zhroma\u017eden\u00e9 na \u00fa\u010dely kontaktovania a dokument\u00e1cie o slu\u017eb\u00e1ch sa uchov\u00e1vaj\u00fa a\u017e do odvolania.<\/p>\n\n<h3 class=\"wp-block-heading\">\n          <strong>Ak\u00e9 pr\u00e1va maj\u00fa pou\u017e\u00edvatelia vo vz\u0165ahu k vlastn\u00fdm \u00fadajom?<\/strong>\n        <\/h3>\n\n<p>Pri registr\u00e1cii \u00fa\u010dtu alebo pri uverej\u0148ovan\u00ed koment\u00e1ra na webovej lokalite m\u00f4\u017eete by\u0165 po\u017eiadan\u00ed, aby ste n\u00e1m poslali svoje osobn\u00e9 \u00fadaje v exportnom s\u00fabore, ktor\u00fd obsahuje v\u0161etky \u00fadaje, ktor\u00e9 ste n\u00e1m predt\u00fdm poskytli. Okrem toho m\u00e1 dotknut\u00e1 osoba pr\u00e1vo po\u017eadova\u0165 opravu osobn\u00fdch \u00fadajov, obmedzenie ich spracovania, pr\u00e1vo namieta\u0165 proti spracovaniu osobn\u00fdch \u00fadajov a pr\u00e1vo na prenosnos\u0165 \u00fadajov. M\u00f4\u017eete tie\u017e po\u017eiada\u0165 o vymazanie v\u0161etk\u00fdch predt\u00fdm poskytnut\u00fdch osobn\u00fdch \u00fadajov. To sa nevz\u0165ahuje na \u00fadaje, ktor\u00e9 sme povinn\u00ed uchov\u00e1va\u0165 z administrat\u00edvnych, pr\u00e1vnych alebo bezpe\u010dnostn\u00fdch d\u00f4vodov. Dotknut\u00e1 osoba m\u00e1 pr\u00e1vo poda\u0165 s\u0165a\u017enos\u0165 na \u00darad na ochranu osobn\u00fdch \u00fadajov Slovenskej republiky.<\/p>\n\n<h3 class=\"wp-block-heading\">\n          <strong>Kam pren\u00e1\u0161ame \u00fadaje<\/strong>\n        <\/h3>\n\n<p>Koment\u00e1re odoslan\u00e9 n\u00e1v\u0161tevn\u00edkmi m\u00f4\u017ee kontrolova\u0165 automatick\u00e1 slu\u017eba filtrovania spamu.<\/p>\n\n<p>V pr\u00edpade projektov pre extern\u00fdch z\u00e1kazn\u00edkov alebo projektov podporovan\u00fdch tret\u00edmi stranami budeme zvy\u010dajne musie\u0165 poskytn\u00fa\u0165 \u00fadaje tretej strane ako s\u00fa\u010das\u0165 dokument\u00e1cie slu\u017eby. Na to sa upozorn\u00ed pri zbere \u00fadajov.<\/p>\n\n<h3 class=\"wp-block-heading\">\n          <strong>Kontaktn\u00e9 \u00fadaje<\/strong>\n        <\/h3>\n\n<p>FORUM REGIONAL DEVELOPMENT CENTRE | FORUM CENTRUM PRE REGION\u00c1LNY ROZVOJ | FORUM REGIONAL DEVELOPMENT CENTRE<br\/>Parkov\u00e1 49\/4<br\/>931 01 \u0160amor\u00edn<br\/>I\u010cO: 31800 653<br\/>Registrovan\u00e9: 1999. 10. 8. Ministerstvom vn\u00fatra Slovenskej republiky<br\/>Registra\u010dn\u00e9 \u010d\u00edslo: VVS\/1-900\/90-15-626-3<\/p>\n\n<h3 class=\"wp-block-heading\">\n          <strong>Viac inform\u00e1ci\u00ed<\/strong>\n        <\/h3>\n\n<p>\n          <strong>Ako chr\u00e1nime va\u0161e osobn\u00e9 \u00fadaje<\/strong>\n        <\/p>\n\n<p>Pr\u00edstup k \u00fadajom je obmedzen\u00fd na osoby, ktor\u00e9 ho nevyhnutne potrebuj\u00fa. \u00dadaje s\u00fa ulo\u017een\u00e9 na serveri zabezpe\u010denom na nieko\u013ek\u00fdch \u00farovniach a na pr\u00edstup sa vy\u017eaduje heslo. Server je pravidelne aktualizovan\u00fd a udr\u017eiavan\u00fd.<\/p>\n\n<p>\n          <strong>Ak\u00e9 \u00fadaje od tret\u00edch str\u00e1n dost\u00e1vame<\/strong>\n        <\/p>\n\n<p>\u00dadaje od tret\u00edch str\u00e1n nedost\u00e1vame.<\/p>\n\n<p>\n          <strong>Ak\u00e9 automatizovan\u00e9 rozhodovanie a\/alebo profilovanie vykon\u00e1vame s \u00fadajmi pou\u017e\u00edvate\u013eov<\/strong>\n        <\/p>\n\n<p>Nepou\u017e\u00edvame profilovanie ani automatizovan\u00e9 syst\u00e9my rozhodovania.<\/p>\n","protected":false},"excerpt":{"rendered":"<p>Spr\u00e1vca \u00fadajov FORUM REGIONAL DEVELOPMENT CENTRE | FORUM CENTRUM PRE REGION\u00c1LNY ROZVOJ | FORUM REGIONAL DEVELOPMENT CENTREParkov\u00e1 49\/4931 01 \u0160amor\u00ednI\u010cO: 31800 653Registrovan\u00e9: 1999. 10. 8. Ministerstvom vn\u00fatra Slovenskej republikyRegistra\u010dn\u00e9 \u010d\u00edslo: VVS\/1-900\/90-15-626-3 Kontaktn\u00e9 \u00fadaje prev\u00e1dzkovate\u013ea: +421-908-400 441, frdc@frdc.sk Ak\u00e9 osobn\u00e9 \u00fadaje zhroma\u017e\u010fujeme a na ak\u00e9 \u00fa\u010dely ich zhroma\u017e\u010fujeme \u00dadaje poskytnut\u00e9 dotknutou osobou zhroma\u017e\u010fujeme len na konkr\u00e9tne,&#8230; <\/p>\n<div class=\"clear\"><\/div>\n<p><a href=\"https:\/\/focusonimpact.frdc.sk\/sk\/adatvedelmi-iranyelvek\/\" class=\"excerpt-read-more newsstand-button\">Read More<\/a><\/p>\n","protected":false},"author":1,"featured_media":0,"parent":0,"menu_order":0,"comment_status":"closed","ping_status":"closed","template":"","meta":{"footnotes":""},"class_list":["post-404","page","type-page","status-publish","hentry"],"_links":{"self":[{"href":"https:\/\/focusonimpact.frdc.sk\/sk\/wp-json\/wp\/v2\/pages\/404","targetHints":{"allow":["GET"]}}],"collection":[{"href":"https:\/\/focusonimpact.frdc.sk\/sk\/wp-json\/wp\/v2\/pages"}],"about":[{"href":"https:\/\/focusonimpact.frdc.sk\/sk\/wp-json\/wp\/v2\/types\/page"}],"author":[{"embeddable":true,"href":"https:\/\/focusonimpact.frdc.sk\/sk\/wp-json\/wp\/v2\/users\/1"}],"replies":[{"embeddable":true,"href":"https:\/\/focusonimpact.frdc.sk\/sk\/wp-json\/wp\/v2\/comments?post=404"}],"version-history":[{"count":8,"href":"https:\/\/focusonimpact.frdc.sk\/sk\/wp-json\/wp\/v2\/pages\/404\/revisions"}],"predecessor-version":[{"id":497,"href":"https:\/\/focusonimpact.frdc.sk\/sk\/wp-json\/wp\/v2\/pages\/404\/revisions\/497"}],"wp:attachment":[{"href":"https:\/\/focusonimpact.frdc.sk\/sk\/wp-json\/wp\/v2\/media?parent=404"}],"curies":[{"name":"wp","href":"https:\/\/api.w.org\/{rel}","templated":true}]}}