{"id":841,"date":"2023-06-29T15:25:00","date_gmt":"2023-06-29T13:25:00","guid":{"rendered":"https:\/\/focusonimpact.frdc.sk\/podcast\/"},"modified":"2023-08-05T16:00:08","modified_gmt":"2023-08-05T14:00:08","slug":"podcast","status":"publish","type":"page","link":"https:\/\/focusonimpact.frdc.sk\/sk\/podcast\/","title":{"rendered":"Podcast (v ma\u010far\u010dine)"},"content":{"rendered":"\n<figure class=\"wp-block-image size-full\"><img loading=\"lazy\" decoding=\"async\" width=\"1600\" height=\"650\" src=\"https:\/\/focusonimpact.frdc.sk\/wp-content\/uploads\/2023\/08\/01-1600-\u00d7-650px.png\" alt=\"\" class=\"wp-image-834\" srcset=\"https:\/\/focusonimpact.frdc.sk\/wp-content\/uploads\/2023\/08\/01-1600-\u00d7-650px.png 1600w, https:\/\/focusonimpact.frdc.sk\/wp-content\/uploads\/2023\/08\/01-1600-\u00d7-650px-300x122.png 300w, https:\/\/focusonimpact.frdc.sk\/wp-content\/uploads\/2023\/08\/01-1600-\u00d7-650px-1024x416.png 1024w, https:\/\/focusonimpact.frdc.sk\/wp-content\/uploads\/2023\/08\/01-1600-\u00d7-650px-768x312.png 768w, https:\/\/focusonimpact.frdc.sk\/wp-content\/uploads\/2023\/08\/01-1600-\u00d7-650px-1536x624.png 1536w\" sizes=\"auto, (max-width: 1600px) 100vw, 1600px\" \/><\/figure>\n\n\n\n<div style=\"height:70px\" aria-hidden=\"true\" class=\"wp-block-spacer\"><\/div>\n\n\n\n<div class=\"wp-block-columns is-layout-flex wp-container-core-columns-is-layout-9d6595d7 wp-block-columns-is-layout-flex\">\n<div class=\"wp-block-column is-layout-flow wp-block-column-is-layout-flow\">\n<figure class=\"wp-block-image size-large\"><a href=\"https:\/\/focusonimpact.frdc.sk\/sk\/2023\/08\/04\/o-merani-dopadu-podcast-v-madarcine\/\" target=\"_blank\" rel=\"noreferrer noopener\"><img loading=\"lazy\" decoding=\"async\" width=\"1024\" height=\"1024\" src=\"https:\/\/focusonimpact.frdc.sk\/wp-content\/uploads\/2023\/08\/1-1024x1024.png\" alt=\"\" class=\"wp-image-768\" srcset=\"https:\/\/focusonimpact.frdc.sk\/wp-content\/uploads\/2023\/08\/1-1024x1024.png 1024w, https:\/\/focusonimpact.frdc.sk\/wp-content\/uploads\/2023\/08\/1-300x300.png 300w, https:\/\/focusonimpact.frdc.sk\/wp-content\/uploads\/2023\/08\/1-150x150.png 150w, https:\/\/focusonimpact.frdc.sk\/wp-content\/uploads\/2023\/08\/1-768x768.png 768w, https:\/\/focusonimpact.frdc.sk\/wp-content\/uploads\/2023\/08\/1-1536x1536.png 1536w, https:\/\/focusonimpact.frdc.sk\/wp-content\/uploads\/2023\/08\/1-2048x2048.png 2048w, https:\/\/focusonimpact.frdc.sk\/wp-content\/uploads\/2023\/08\/1-400x400.png 400w\" sizes=\"auto, (max-width: 1024px) 100vw, 1024px\" \/><\/a><\/figure>\n\n\n\n<div style=\"height:30px\" aria-hidden=\"true\" class=\"wp-block-spacer\"><\/div>\n\n\n\n<figure class=\"wp-block-audio\"><audio controls src=\"https:\/\/focusonimpact.frdc.sk\/wp-content\/uploads\/2023\/08\/Focus-on-Impact_01_Hatasmeres.mp3\"><\/audio><\/figure>\n\n\n\n<div style=\"height:30px\" aria-hidden=\"true\" class=\"wp-block-spacer\"><\/div>\n\n\n\n<p>\u010co je jednoduch\u00e1, zrozumite\u013en\u00e1 a d\u00f4veryhodn\u00e1 komunik\u00e1cia o soci\u00e1lnych a environment\u00e1lnych dopadoch? Ak\u00e1 je jej \u00faloha v medzisektorovej spolupr\u00e1ci? Ako mo\u017eno vyu\u017ei\u0165 existuj\u00face a v\u0161eobecne zn\u00e1me a&nbsp; <a href=\"https:\/\/focusonimpact.frdc.sk\/sk\/2023\/08\/04\/o-merani-dopadu-podcast-v-madarcine\/\" data-type=\"post\" data-id=\"767\" target=\"_blank\" rel=\"noreferrer noopener\">&#8230;<\/a>  <\/p>\n<\/div>\n\n\n\n<div class=\"wp-block-column is-layout-flow wp-block-column-is-layout-flow\">\n<figure class=\"wp-block-image size-large\"><a href=\"https:\/\/focusonimpact.frdc.sk\/sk\/2023\/06\/29\/financovanie-socialnych-podnikov-podcast-v-madarcine\/\" target=\"_blank\" rel=\"noreferrer noopener\"><img loading=\"lazy\" decoding=\"async\" width=\"1024\" height=\"1024\" src=\"https:\/\/focusonimpact.frdc.sk\/wp-content\/uploads\/2023\/08\/2-2-1024x1024.png\" alt=\"\" class=\"wp-image-753\" srcset=\"https:\/\/focusonimpact.frdc.sk\/wp-content\/uploads\/2023\/08\/2-2-1024x1024.png 1024w, https:\/\/focusonimpact.frdc.sk\/wp-content\/uploads\/2023\/08\/2-2-300x300.png 300w, https:\/\/focusonimpact.frdc.sk\/wp-content\/uploads\/2023\/08\/2-2-150x150.png 150w, https:\/\/focusonimpact.frdc.sk\/wp-content\/uploads\/2023\/08\/2-2-768x768.png 768w, https:\/\/focusonimpact.frdc.sk\/wp-content\/uploads\/2023\/08\/2-2-1536x1536.png 1536w, https:\/\/focusonimpact.frdc.sk\/wp-content\/uploads\/2023\/08\/2-2-2048x2048.png 2048w, https:\/\/focusonimpact.frdc.sk\/wp-content\/uploads\/2023\/08\/2-2-400x400.png 400w\" sizes=\"auto, (max-width: 1024px) 100vw, 1024px\" \/><\/a><\/figure>\n\n\n\n<div style=\"height:30px\" aria-hidden=\"true\" class=\"wp-block-spacer\"><\/div>\n\n\n\n<figure class=\"wp-block-audio\"><audio controls src=\"https:\/\/focusonimpact.frdc.sk\/wp-content\/uploads\/2023\/08\/Focus-on-Impact_02_Penzugyek.mp3\"><\/audio><\/figure>\n\n\n\n<div style=\"height:30px\" aria-hidden=\"true\" class=\"wp-block-spacer\"><\/div>\n\n\n\n<p>V regi\u00f3ne strednej a v\u00fdchodnej Eur\u00f3py je be\u017en\u00e9, \u017ee aj podnikatelia vedia len m\u00e1lo o financi\u00e1ch, logike a fungovan\u00ed finan\u010dn\u00e9ho trhu. Najm\u00e4 ak\u00a0 <a href=\"https:\/\/focusonimpact.frdc.sk\/sk\/2023\/06\/29\/financovanie-socialnych-podnikov-podcast-v-madarcine\/\" data-type=\"post\" data-id=\"752\" target=\"_blank\" rel=\"noreferrer noopener\">&#8230;<\/a><\/p>\n<\/div>\n<\/div>\n\n\n\n<div style=\"height:50px\" aria-hidden=\"true\" class=\"wp-block-spacer\"><\/div>\n\n\n\n<div class=\"wp-block-columns is-layout-flex wp-container-core-columns-is-layout-9d6595d7 wp-block-columns-is-layout-flex\">\n<div class=\"wp-block-column is-layout-flow wp-block-column-is-layout-flow\">\n<figure class=\"wp-block-image size-large\"><a href=\"https:\/\/focusonimpact.frdc.sk\/sk\/2023\/06\/29\/spolupraca-v-sektoroch-synergicke-vytvaranie-hodnot-predstavujeme-bridge-to-benefits-masterclass-podcast-v-madarcine\/\" target=\"_blank\" rel=\"noreferrer noopener\"><img loading=\"lazy\" decoding=\"async\" width=\"1024\" height=\"1024\" src=\"https:\/\/focusonimpact.frdc.sk\/wp-content\/uploads\/2023\/08\/3-3-1024x1024.png\" alt=\"\" class=\"wp-image-713\" srcset=\"https:\/\/focusonimpact.frdc.sk\/wp-content\/uploads\/2023\/08\/3-3-1024x1024.png 1024w, https:\/\/focusonimpact.frdc.sk\/wp-content\/uploads\/2023\/08\/3-3-300x300.png 300w, https:\/\/focusonimpact.frdc.sk\/wp-content\/uploads\/2023\/08\/3-3-150x150.png 150w, https:\/\/focusonimpact.frdc.sk\/wp-content\/uploads\/2023\/08\/3-3-768x768.png 768w, https:\/\/focusonimpact.frdc.sk\/wp-content\/uploads\/2023\/08\/3-3-1536x1536.png 1536w, https:\/\/focusonimpact.frdc.sk\/wp-content\/uploads\/2023\/08\/3-3-2048x2048.png 2048w, https:\/\/focusonimpact.frdc.sk\/wp-content\/uploads\/2023\/08\/3-3-400x400.png 400w\" sizes=\"auto, (max-width: 1024px) 100vw, 1024px\" \/><\/a><\/figure>\n\n\n\n<div style=\"height:30px\" aria-hidden=\"true\" class=\"wp-block-spacer\"><\/div>\n\n\n\n<figure class=\"wp-block-audio\"><audio controls src=\"https:\/\/focusonimpact.frdc.sk\/wp-content\/uploads\/2023\/08\/Focus-on-Impact_03_Partnersegek.mp3\"><\/audio><\/figure>\n\n\n\n<div style=\"height:30px\" aria-hidden=\"true\" class=\"wp-block-spacer\"><\/div>\n\n\n\n<p>Bridge to Benefits Masterclass<strong>\u00a0<\/strong>sa zameriava na podporu podnikate\u013eskej, environment\u00e1lnej a soci\u00e1lnej udr\u017eate\u013enosti v mal\u00fdch a stredn\u00fdch podnikoch v Ma\u010farsku (a od roku 2023 aj mimo neho) s mentormi z ve\u013ek\u00fdch spolo\u010dnost\u00ed, samospr\u00e1v, mimovl\u00e1dnych organiz\u00e1ci\u00ed a\u00a0 <a href=\"https:\/\/focusonimpact.frdc.sk\/sk\/2023\/06\/29\/spolupraca-v-sektoroch-synergicke-vytvaranie-hodnot-predstavujeme-bridge-to-benefits-masterclass-podcast-v-madarcine\/\" data-type=\"post\" data-id=\"739\" target=\"_blank\" rel=\"noreferrer noopener\">&#8230;<\/a><\/p>\n<\/div>\n\n\n\n<div class=\"wp-block-column is-layout-flow wp-block-column-is-layout-flow\">\n<figure class=\"wp-block-image size-large\"><a href=\"https:\/\/focusonimpact.frdc.sk\/sk\/2023\/06\/29\/szocialis-gazdasag-a-tarsadalmi-es-kornyezeti-problemak-oldasaert\/\" target=\"_blank\" rel=\"noreferrer noopener\"><img loading=\"lazy\" decoding=\"async\" width=\"1024\" height=\"1024\" src=\"https:\/\/focusonimpact.frdc.sk\/wp-content\/uploads\/2023\/08\/4-3-1024x1024.png\" alt=\"\" class=\"wp-image-697\" srcset=\"https:\/\/focusonimpact.frdc.sk\/wp-content\/uploads\/2023\/08\/4-3-1024x1024.png 1024w, https:\/\/focusonimpact.frdc.sk\/wp-content\/uploads\/2023\/08\/4-3-300x300.png 300w, https:\/\/focusonimpact.frdc.sk\/wp-content\/uploads\/2023\/08\/4-3-150x150.png 150w, https:\/\/focusonimpact.frdc.sk\/wp-content\/uploads\/2023\/08\/4-3-768x768.png 768w, https:\/\/focusonimpact.frdc.sk\/wp-content\/uploads\/2023\/08\/4-3-1536x1536.png 1536w, https:\/\/focusonimpact.frdc.sk\/wp-content\/uploads\/2023\/08\/4-3-2048x2048.png 2048w, https:\/\/focusonimpact.frdc.sk\/wp-content\/uploads\/2023\/08\/4-3-400x400.png 400w\" sizes=\"auto, (max-width: 1024px) 100vw, 1024px\" \/><\/a><\/figure>\n\n\n\n<div style=\"height:30px\" aria-hidden=\"true\" class=\"wp-block-spacer\"><\/div>\n\n\n\n<figure class=\"wp-block-audio\"><audio controls src=\"https:\/\/focusonimpact.frdc.sk\/wp-content\/uploads\/2023\/06\/Focus-on-Impact_04_Szocialis-gazdasag.mp3\"><\/audio><\/figure>\n\n\n\n<div style=\"height:30px\" aria-hidden=\"true\" class=\"wp-block-spacer\"><\/div>\n\n\n\n<p>Kedy a pre\u010do vznikla soci\u00e1lna ekonomika? \u010co zah\u0155\u0148a? Ako funguje na Slovensku a v in\u00fdch krajin\u00e1ch? Ako s\u00favisia dru\u017estv\u00e1 <a href=\"https:\/\/focusonimpact.frdc.sk\/sk\/2023\/06\/29\/szocialis-gazdasag-a-tarsadalmi-es-kornyezeti-problemak-oldasaert\/\" data-type=\"post\" data-id=\"707\" target=\"_blank\" rel=\"noreferrer noopener\">&#8230;<\/a><\/p>\n<\/div>\n<\/div>\n\n\n\n<div style=\"height:50px\" aria-hidden=\"true\" class=\"wp-block-spacer\"><\/div>\n","protected":false},"excerpt":{"rendered":"<p>\u010co je jednoduch\u00e1, zrozumite\u013en\u00e1 a d\u00f4veryhodn\u00e1 komunik\u00e1cia o soci\u00e1lnych a environment\u00e1lnych dopadoch? Ak\u00e1 je jej \u00faloha v medzisektorovej spolupr\u00e1ci? Ako mo\u017eno vyu\u017ei\u0165 existuj\u00face a v\u0161eobecne zn\u00e1me a&nbsp; &#8230; V regi\u00f3ne strednej a v\u00fdchodnej Eur\u00f3py je be\u017en\u00e9, \u017ee aj podnikatelia vedia len m\u00e1lo o financi\u00e1ch, logike a fungovan\u00ed finan\u010dn\u00e9ho trhu. Najm\u00e4 ak\u00a0 &#8230; Bridge to Benefits&#8230; <\/p>\n<div class=\"clear\"><\/div>\n<p><a href=\"https:\/\/focusonimpact.frdc.sk\/sk\/podcast\/\" class=\"excerpt-read-more newsstand-button\">Read More<\/a><\/p>\n","protected":false},"author":1,"featured_media":0,"parent":0,"menu_order":0,"comment_status":"closed","ping_status":"closed","template":"","meta":{"footnotes":""},"class_list":["post-841","page","type-page","status-publish","hentry"],"_links":{"self":[{"href":"https:\/\/focusonimpact.frdc.sk\/sk\/wp-json\/wp\/v2\/pages\/841","targetHints":{"allow":["GET"]}}],"collection":[{"href":"https:\/\/focusonimpact.frdc.sk\/sk\/wp-json\/wp\/v2\/pages"}],"about":[{"href":"https:\/\/focusonimpact.frdc.sk\/sk\/wp-json\/wp\/v2\/types\/page"}],"author":[{"embeddable":true,"href":"https:\/\/focusonimpact.frdc.sk\/sk\/wp-json\/wp\/v2\/users\/1"}],"replies":[{"embeddable":true,"href":"https:\/\/focusonimpact.frdc.sk\/sk\/wp-json\/wp\/v2\/comments?post=841"}],"version-history":[{"count":6,"href":"https:\/\/focusonimpact.frdc.sk\/sk\/wp-json\/wp\/v2\/pages\/841\/revisions"}],"predecessor-version":[{"id":921,"href":"https:\/\/focusonimpact.frdc.sk\/sk\/wp-json\/wp\/v2\/pages\/841\/revisions\/921"}],"wp:attachment":[{"href":"https:\/\/focusonimpact.frdc.sk\/sk\/wp-json\/wp\/v2\/media?parent=841"}],"curies":[{"name":"wp","href":"https:\/\/api.w.org\/{rel}","templated":true}]}}